{"id":99,"date":"2019-04-12T14:17:13","date_gmt":"2019-04-12T12:17:13","guid":{"rendered":"https:\/\/www.librairie-birmann.com\/wordpress\/?page_id=99"},"modified":"2019-06-04T15:12:30","modified_gmt":"2019-06-04T13:12:30","slug":"cadeaux","status":"publish","type":"page","link":"https:\/\/www.librairie-birmann.com\/wordpress\/cadeaux\/","title":{"rendered":"Cadeaux"},"content":{"rendered":"<section class=\"ffb-id-i9p52vq fg-section fg-text-dark\"><div class=\"fg-container container-fluid fg-container-fluid fg-container-lvl--1 \"><div class=\"fg-row row    fg-row-match-cols\"  data-fg-match-cols=\"{&quot;1&quot;:&quot;1&quot;,&quot;2&quot;:&quot;1&quot;,&quot;3&quot;:&quot;1&quot;,&quot;4&quot;:&quot;1&quot;}\" ><div class=\"ffb-id-i9p52vr fg-col col-xs-12 col-md-6 fg-el-has-bg fg-text-dark\" style=\"min-height:700px; \"><span class=\"fg-bg\"><span data-fg-bg=\"{&quot;type&quot;:&quot;image&quot;,&quot;opacity&quot;:&quot;1&quot;,&quot;url&quot;:&quot;http:\\\/\\\/birmann.nso.ovh\\\/wp-content\\\/uploads\\\/2019\\\/02\\\/boite-\\u00e0-cadeaux.jpg&quot;,&quot;size&quot;:&quot;cover&quot;,&quot;repeat&quot;:&quot;no-repeat&quot;,&quot;attachment&quot;:&quot;scroll&quot;,&quot;position&quot;:&quot;center center&quot;}\" class=\"fg-bg-layer fg-bg-type-image \" style=\"opacity: 1; background-image: url(&quot;http:\/\/birmann.nso.ovh\/wp-content\/uploads\/2019\/02\/boite-\u00e0-cadeaux.jpg&quot;); background-repeat: no-repeat; background-attachment: scroll; background-position: center center; background-size: cover;\"><\/span><\/span><div class=\"fg-vcenter-wrapper\"><div class=\"fg-vcenter\"><div class=\"fg-match-column-inside-wrapper\"><h1 class=\"ffb-id-i9p52vs fg-heading text-center    fg-text-light\"><\/h1><\/div><\/div><\/div><\/div><div class=\"ffb-id-i9p52vt fg-col col-xs-12 col-md-5 fg-text-dark\" style=\"min-height:700px; \"><div class=\"fg-vcenter-wrapper\"><div class=\"fg-vcenter\"><div class=\"fg-match-column-inside-wrapper\"><section class=\"ffb-id-i9p52vu heading-v1 text-left    fg-text-dark\"><h2 class=\"heading-v1-Section fg-text-dark ffb-header-1\">Ma Boite \u00e0 K'do<\/h2><\/section><div class=\"ffb-id-i9pmtcb ff-owl-carousel ff-custom-slider-2 fg-text-dark\"><div class=\"ff-one-owl-carousel\" data-slider=\"{&quot;loop&quot;:true,&quot;autoplay&quot;:true,&quot;dots&quot;:false,&quot;stagePadding&quot;:&quot;0&quot;,&quot;speed&quot;:&quot;3000&quot;,&quot;margin&quot;:&quot;&quot;,&quot;smartSpeed&quot;:&quot;1000&quot;,&quot;xs&quot;:&quot;1&quot;,&quot;sm&quot;:&quot;1&quot;,&quot;md&quot;:&quot;1&quot;,&quot;lg&quot;:&quot;1&quot;,&quot;autoHeight&quot;:true}\"><div class=\"ffb-id-i9pmvqc item fg-text-dark\"><p class=\"ffb-id-i9pof6n fg-paragraph text-left    fg-text-dark\">D\u00e9couvrez l'univers color\u00e9 de notre espace sur deux \u00e9tages o\u00f9 se m\u00ealent coups de c\u0153urs et nouveaut\u00e9s.<\/p>\n<p>Pour satisfaire toute vos envies, ce sont plus de vingt marques \u00e0 d\u00e9couvrir et des expositions temporaires pour vous surprendre.<\/p><\/div><\/div><\/div><\/div><\/div><\/div><\/div><div class=\"ffb-id-2s0u5fsd fg-col col-xs-12 col-md-9 fg-text-dark\" style=\"min-height:700px; \"><div class=\"fg-vcenter-wrapper\"><div class=\"fg-vcenter\"><div class=\"fg-match-column-inside-wrapper\"><section class=\"ffb-id-2s11el88 ff-map map fg-text-dark\" data-label-coordinates-1=\"46.372947;6.478875\" data-label-text-1=\"50 Grande Rue - 74200 Thonon\" data-ff-settings=\"{&quot;zoom_mouse_wheel&quot;:&quot;1&quot;,&quot;zoom_double_click&quot;:&quot;1&quot;,&quot;draggable&quot;:&quot;1&quot;,&quot;disable_default_ui&quot;:&quot;0&quot;}\" data-label-count=\"1\" data-zoom=\"17\" data-style=\"stylemuted\"><\/section><\/div><\/div><\/div><\/div><div class=\"ffb-id-2true4d4 fg-col col-xs-12 col-md-3 fg-text-dark\" style=\"min-height:700px; \"><div class=\"fg-vcenter-wrapper\"><div class=\"fg-vcenter\"><div class=\"fg-match-column-inside-wrapper\"><section class=\"ffb-id-2true4d5 heading-v1 text-center    fg-text-dark\"><h2 class=\"heading-v1-Section fg-text-dark ffb-header-1\">Nous trouver !<\/h2><\/section><section class=\"ffb-id-2truicpa quote-socials-v1 text-center fg-text-dark\"><p class=\"quote-socials-v1-text fg-text-dark ffb-quote-1\"><\/p>\n<p style=\"text-align: center\">50 Grande Rue<br \/>du mardi au samedi de 10h &agrave; 12 h et de 14h &agrave; 19h<\/p>\n<p><\/p><ul class=\"list-inline ul-li-lr-2 quote-socials-v1-icons-list-wrapper fg-text-dark ffb-social-icons-2\"><li class=\"animate-theme-icons fg-text-dark ffb-one-social-icon-2-1\"><a href=\"https:\/\/www.facebook.com\/maboiteakdo\/\"  target=\"_blank\"  class=\"animate-theme-icons-body theme-icons-md radius-3\"  ><i class=\"animate-theme-icons-element ff-font-awesome4 icon-facebook\"><\/i><\/a><\/li><\/ul><\/section><\/div><\/div><\/div><\/div><\/div><\/div><\/section><style>.ffb-id-2true4d4{ padding-top: 50px;padding-right: 50px;padding-bottom: 50px;padding-left: 50px;}.ffb-id-2truicpa .ffb-social-icons-2 .ffb-one-social-icon-2-1 .animate-theme-icons-body{ color:#ffffff;}.ffb-id-2truicpa .ffb-social-icons-2 .ffb-one-social-icon-2-1 .animate-theme-icons-body{ background-color:#34343c;}.ffb-id-2truicpa .ffb-social-icons-2 .ffb-one-social-icon-2-1{ text-align: center !important;}.ffb-id-2truicpa .ffb-social-icons-2 .ffb-one-social-icon-2-1 ,.ffb-id-2truicpa .ffb-social-icons-2 .ffb-one-social-icon-2-1:before,.ffb-id-2truicpa .ffb-social-icons-2 .ffb-one-social-icon-2-1:after,.ffb-id-2truicpa .ffb-social-icons-2 .ffb-one-social-icon-2-1:hover,.ffb-id-2truicpa .ffb-social-icons-2 .ffb-one-social-icon-2-1:focus,.ffb-id-2truicpa .ffb-social-icons-2 .ffb-one-social-icon-2-1 *,.ffb-id-2truicpa .ffb-social-icons-2 .ffb-one-social-icon-2-1 *:before,.ffb-id-2truicpa .ffb-social-icons-2 .ffb-one-social-icon-2-1 *:after,.ffb-id-2truicpa .ffb-social-icons-2 .ffb-one-social-icon-2-1 *:hover,.ffb-id-2truicpa .ffb-social-icons-2 .ffb-one-social-icon-2-1 *:focus{ text-align: center !important;}.ffb-id-2true4d5 .ffb-header-1 ,.ffb-id-2true4d5 .ffb-header-1:before,.ffb-id-2true4d5 .ffb-header-1:after,.ffb-id-2true4d5 .ffb-header-1 *,.ffb-id-2true4d5 .ffb-header-1 *:before,.ffb-id-2true4d5 .ffb-header-1 *:after{ color: #000000 !important;}.ffb-id-2true4d5 .ffb-header-1{ font-family: 'Caveat', Arial, sans-serif !important;}.ffb-id-2true4d5 .ffb-header-1:before,.ffb-id-2true4d5 .ffb-header-1:after,.ffb-id-2true4d5 .ffb-header-1:hover,.ffb-id-2true4d5 .ffb-header-1:focus,.ffb-id-2true4d5 .ffb-header-1 *,.ffb-id-2true4d5 .ffb-header-1 *:before,.ffb-id-2true4d5 .ffb-header-1 *:after,.ffb-id-2true4d5 .ffb-header-1 *:hover,.ffb-id-2true4d5 .ffb-header-1 *:focus{ font-family: 'Caveat', Arial, sans-serif !important;}.ffb-id-2true4d5 .ffb-header-1{ font-size: 48px !important;}.ffb-id-2true4d5 .ffb-header-1 ,.ffb-id-2true4d5 .ffb-header-1:before,.ffb-id-2true4d5 .ffb-header-1:after,.ffb-id-2true4d5 .ffb-header-1:hover,.ffb-id-2true4d5 .ffb-header-1:focus,.ffb-id-2true4d5 .ffb-header-1 *,.ffb-id-2true4d5 .ffb-header-1 *:before,.ffb-id-2true4d5 .ffb-header-1 *:after,.ffb-id-2true4d5 .ffb-header-1 *:hover,.ffb-id-2true4d5 .ffb-header-1 *:focus{ font-size: 48px !important;}.ffb-id-2true4d5{ margin-bottom: 40px;}.ffb-id-2s0u5fsd{ padding-top: 50px;padding-right: 50px;padding-bottom: 50px;padding-left: 50px;}.ffb-id-2s11el88{ height:300px;}.ffb-id-i9p52vt{ padding-top: 50px;padding-right: 50px;padding-bottom: 50px;padding-left: 50px;}.ffb-id-i9pof6n{ margin-bottom: 30px;}.ffb-id-i9pof6n{ font-family: 'Open Sans', Arial, sans-serif !important;}.ffb-id-i9pof6n:before,.ffb-id-i9pof6n:after,.ffb-id-i9pof6n:hover,.ffb-id-i9pof6n:focus,.ffb-id-i9pof6n *,.ffb-id-i9pof6n *:before,.ffb-id-i9pof6n *:after,.ffb-id-i9pof6n *:hover,.ffb-id-i9pof6n *:focus{ font-family: 'Open Sans', Arial, sans-serif !important;}.ffb-id-i9pof6n{ line-height: 2 !important;letter-spacing:1px !important;}.ffb-id-i9pof6n ,.ffb-id-i9pof6n:before,.ffb-id-i9pof6n:after,.ffb-id-i9pof6n:hover,.ffb-id-i9pof6n:focus,.ffb-id-i9pof6n *,.ffb-id-i9pof6n *:before,.ffb-id-i9pof6n *:after,.ffb-id-i9pof6n *:hover,.ffb-id-i9pof6n *:focus{ line-height: 2 !important;letter-spacing:1px !important;}.ffb-id-i9p52vu .ffb-header-1 ,.ffb-id-i9p52vu .ffb-header-1:before,.ffb-id-i9p52vu .ffb-header-1:after,.ffb-id-i9p52vu .ffb-header-1 *,.ffb-id-i9p52vu .ffb-header-1 *:before,.ffb-id-i9p52vu .ffb-header-1 *:after{ color: #339999 !important;}.ffb-id-i9p52vu .ffb-header-1{ font-family: 'Caveat', Arial, sans-serif !important;}.ffb-id-i9p52vu .ffb-header-1:before,.ffb-id-i9p52vu .ffb-header-1:after,.ffb-id-i9p52vu .ffb-header-1:hover,.ffb-id-i9p52vu .ffb-header-1:focus,.ffb-id-i9p52vu .ffb-header-1 *,.ffb-id-i9p52vu .ffb-header-1 *:before,.ffb-id-i9p52vu .ffb-header-1 *:after,.ffb-id-i9p52vu .ffb-header-1 *:hover,.ffb-id-i9p52vu .ffb-header-1 *:focus{ font-family: 'Caveat', Arial, sans-serif !important;}.ffb-id-i9p52vu .ffb-header-1{ font-size: 48px !important;}.ffb-id-i9p52vu .ffb-header-1 ,.ffb-id-i9p52vu .ffb-header-1:before,.ffb-id-i9p52vu .ffb-header-1:after,.ffb-id-i9p52vu .ffb-header-1:hover,.ffb-id-i9p52vu .ffb-header-1:focus,.ffb-id-i9p52vu .ffb-header-1 *,.ffb-id-i9p52vu .ffb-header-1 *:before,.ffb-id-i9p52vu .ffb-header-1 *:after,.ffb-id-i9p52vu .ffb-header-1 *:hover,.ffb-id-i9p52vu .ffb-header-1 *:focus{ font-size: 48px !important;}.ffb-id-i9p52vu{ margin-bottom: 40px;}.ffb-id-i9p52vs ,.ffb-id-i9p52vs:before,.ffb-id-i9p52vs:after,.ffb-id-i9p52vs *,.ffb-id-i9p52vs *:before,.ffb-id-i9p52vs *:after{ color: #ffffff !important;}.ffb-id-i9p52vs{ font-size: 100px !important;}.ffb-id-i9p52vs ,.ffb-id-i9p52vs:before,.ffb-id-i9p52vs:after,.ffb-id-i9p52vs:hover,.ffb-id-i9p52vs:focus,.ffb-id-i9p52vs *,.ffb-id-i9p52vs *:before,.ffb-id-i9p52vs *:after,.ffb-id-i9p52vs *:hover,.ffb-id-i9p52vs *:focus{ font-size: 100px !important;}<\/style><script type=\"text\/javascript\"><\/script>\n","protected":false},"excerpt":{"rendered":"","protected":false},"author":1,"featured_media":0,"parent":0,"menu_order":0,"comment_status":"closed","ping_status":"closed","template":"","meta":{"footnotes":""},"class_list":["post-99","page","type-page","status-publish","hentry","post-wrapper"],"_links":{"self":[{"href":"https:\/\/www.librairie-birmann.com\/wordpress\/wp-json\/wp\/v2\/pages\/99","targetHints":{"allow":["GET"]}}],"collection":[{"href":"https:\/\/www.librairie-birmann.com\/wordpress\/wp-json\/wp\/v2\/pages"}],"about":[{"href":"https:\/\/www.librairie-birmann.com\/wordpress\/wp-json\/wp\/v2\/types\/page"}],"author":[{"embeddable":true,"href":"https:\/\/www.librairie-birmann.com\/wordpress\/wp-json\/wp\/v2\/users\/1"}],"replies":[{"embeddable":true,"href":"https:\/\/www.librairie-birmann.com\/wordpress\/wp-json\/wp\/v2\/comments?post=99"}],"version-history":[{"count":9,"href":"https:\/\/www.librairie-birmann.com\/wordpress\/wp-json\/wp\/v2\/pages\/99\/revisions"}],"predecessor-version":[{"id":499,"href":"https:\/\/www.librairie-birmann.com\/wordpress\/wp-json\/wp\/v2\/pages\/99\/revisions\/499"}],"wp:attachment":[{"href":"https:\/\/www.librairie-birmann.com\/wordpress\/wp-json\/wp\/v2\/media?parent=99"}],"curies":[{"name":"wp","href":"https:\/\/api.w.org\/{rel}","templated":true}]}}